{"id":71,"date":"2025-09-16T15:14:17","date_gmt":"2025-09-16T15:14:17","guid":{"rendered":"https:\/\/digistell.com\/?page_id=71"},"modified":"2025-09-16T15:15:58","modified_gmt":"2025-09-16T15:15:58","slug":"mentions-legales","status":"publish","type":"page","link":"https:\/\/digistell.com\/index.php\/sample-page\/mentions-legales\/","title":{"rendered":"MENTIONS L\u00c9GALES"},"content":{"rendered":"\n<h1 class=\"wp-block-heading\">Mentions l\u00e9gales \u2013 digistell.com<\/h1>\n\n\n\n<h2 class=\"wp-block-heading\">1. \u00c9diteur du site<\/h2>\n\n\n\n<p>Le site <strong>digistell.com<\/strong> est \u00e9dit\u00e9 par :<\/p>\n\n\n\n<ul class=\"wp-block-list\">\n<li><strong>Raison sociale \/ Nom<\/strong> : EURL DACOM<\/li>\n\n\n\n<li><strong>Si\u00e8ge social<\/strong> : 6 Chemin de la barricade 83440 MONTAUROUX<\/li>\n\n\n\n<li><strong>Num\u00e9ro d\u2019immatriculation<\/strong> : Siret 532117579<\/li>\n\n\n\n<li><strong>Responsable de la publication<\/strong> : DERON Thierry <\/li>\n<\/ul>\n\n\n\n<h2 class=\"wp-block-heading\">2. H\u00e9bergement du site<\/h2>\n\n\n\n<p>Le site est h\u00e9berg\u00e9 par :<\/p>\n\n\n\n<ul class=\"wp-block-list\">\n<li><strong>H\u00e9bergeur<\/strong> : OVH<\/li>\n\n\n\n<li><strong>Adresse<\/strong> : <strong>2, rue Kellermann, 59100 Roubaix<\/strong>.<\/li>\n<\/ul>\n\n\n\n<h2 class=\"wp-block-heading\">3. Propri\u00e9t\u00e9 intellectuelle<\/h2>\n\n\n\n<p>L\u2019ensemble des \u00e9l\u00e9ments constituant le site (textes, graphismes, logos, ic\u00f4nes, images, structure, etc.) est la propri\u00e9t\u00e9 exclusive de <strong>digistell.com<\/strong> ou de ses partenaires.<br>Toute reproduction, repr\u00e9sentation, modification, publication, adaptation totale ou partielle est interdite sans autorisation \u00e9crite pr\u00e9alable.<\/p>\n\n\n\n<h2 class=\"wp-block-heading\">4. Donn\u00e9es personnelles<\/h2>\n\n\n\n<p>Les donn\u00e9es personnelles collect\u00e9es via le site <strong>digistell.com<\/strong> sont trait\u00e9es conform\u00e9ment au <strong>R\u00e8glement G\u00e9n\u00e9ral sur la Protection des Donn\u00e9es (RGPD)<\/strong> et \u00e0 la <strong>loi Informatique et Libert\u00e9s<\/strong>.<br>L\u2019Utilisateur dispose d\u2019un droit d\u2019acc\u00e8s, de rectification, de suppression et d\u2019opposition concernant ses donn\u00e9es.<br><\/p>\n\n\n\n<h2 class=\"wp-block-heading\">5. Limitation de responsabilit\u00e9<\/h2>\n\n\n\n<p>L\u2019\u00c9diteur s\u2019efforce de fournir des informations exactes et \u00e0 jour sur le site. Toutefois, il ne saurait \u00eatre tenu responsable des erreurs, omissions ou indisponibilit\u00e9s du service.<\/p>\n\n\n\n<h2 class=\"wp-block-heading\">6. Droit applicable<\/h2>\n\n\n\n<p>Les pr\u00e9sentes mentions l\u00e9gales sont r\u00e9gies par le droit fran\u00e7ais.<br>En cas de litige, et \u00e0 d\u00e9faut de r\u00e9solution amiable, comp\u00e9tence expresse est attribu\u00e9e aux tribunaux du ressort du si\u00e8ge social de l\u2019\u00c9diteur.<\/p>\n\n\n\n<hr class=\"wp-block-separator has-alpha-channel-opacity\"\/>\n","protected":false},"excerpt":{"rendered":"<p>Mentions l\u00e9gales \u2013 digistell.com 1. \u00c9diteur du site Le site digistell.com est \u00e9dit\u00e9 par : 2. H\u00e9bergement du site Le site est h\u00e9berg\u00e9 par : 3. Propri\u00e9t\u00e9 intellectuelle L\u2019ensemble des \u00e9l\u00e9ments constituant le site (textes, graphismes, logos, ic\u00f4nes, images, structure, etc.) est la propri\u00e9t\u00e9 exclusive de digistell.com ou de ses partenaires.Toute reproduction, repr\u00e9sentation, modification, publication, [&hellip;]<\/p>\n","protected":false},"author":1,"featured_media":0,"parent":2,"menu_order":0,"comment_status":"closed","ping_status":"closed","template":"","meta":{"footnotes":""},"class_list":["post-71","page","type-page","status-publish","hentry"],"_links":{"self":[{"href":"https:\/\/digistell.com\/index.php\/wp-json\/wp\/v2\/pages\/71","targetHints":{"allow":["GET"]}}],"collection":[{"href":"https:\/\/digistell.com\/index.php\/wp-json\/wp\/v2\/pages"}],"about":[{"href":"https:\/\/digistell.com\/index.php\/wp-json\/wp\/v2\/types\/page"}],"author":[{"embeddable":true,"href":"https:\/\/digistell.com\/index.php\/wp-json\/wp\/v2\/users\/1"}],"replies":[{"embeddable":true,"href":"https:\/\/digistell.com\/index.php\/wp-json\/wp\/v2\/comments?post=71"}],"version-history":[{"count":1,"href":"https:\/\/digistell.com\/index.php\/wp-json\/wp\/v2\/pages\/71\/revisions"}],"predecessor-version":[{"id":72,"href":"https:\/\/digistell.com\/index.php\/wp-json\/wp\/v2\/pages\/71\/revisions\/72"}],"up":[{"embeddable":true,"href":"https:\/\/digistell.com\/index.php\/wp-json\/wp\/v2\/pages\/2"}],"wp:attachment":[{"href":"https:\/\/digistell.com\/index.php\/wp-json\/wp\/v2\/media?parent=71"}],"curies":[{"name":"wp","href":"https:\/\/api.w.org\/{rel}","templated":true}]}}